{"id":790,"date":"2018-11-22T10:27:08","date_gmt":"2018-11-22T10:27:08","guid":{"rendered":"http:\/\/ses-nebulizacao.com\/?page_id=790"},"modified":"2023-01-11T17:30:21","modified_gmt":"2023-01-11T17:30:21","slug":"catalog-2","status":"publish","type":"page","link":"https:\/\/ses-nebulizacao.com\/?page_id=790","title":{"rendered":"Cat\u00e1logo\/produtos"},"content":{"rendered":"<p>Aceda ao nosso cat\u00e1logo online e veja todos os produtos que temos para si. Qualquer informa\u00e7\u00e3o&nbsp;que necessite n\u00e3o hesite em contactar-nos.<\/p>\n<p><a href=\"http:\/\/ses-nebulizacao.com\/wp-content\/uploads\/2023\/01\/catalogoSes_2023_PT.pdf\" target=\"_blank\" rel=\"noopener\" data-wp-editing=\"1\"><img loading=\"lazy\" decoding=\"async\" class=\"alignnone\" src=\"http:\/\/ses-nebulizacao.com\/wp-content\/uploads\/2018\/01\/logoCat.png\" alt=\"\" width=\"117\" height=\"120\"><\/a><\/p>\n<!-- WP Attachments -->\r\n        <div style=\"width:100%;margin:10px 0 10px 0;\">\r\n            <h3>Attachments<\/h3>\r\n        <ul class=\"post-attachments\"><li class=\"post-attachment mime-application-pdf\"><a href=\"https:\/\/ses-nebulizacao.com\/wp-content\/uploads\/2023\/01\/catalogoSes_2023_PT-1.pdf\">catalogoSes_2023_PT<\/a> <small>(3 MB)<\/small><\/li><\/ul><\/div>","protected":false},"excerpt":{"rendered":"<p>Aceda ao nosso cat\u00e1logo online e veja todos os produtos que temos para si. Qualquer informa\u00e7\u00e3o&nbsp;que necessite n\u00e3o hesite em contactar-nos. Attachments catalogoSes_2023_PT (3 MB)<\/p>\n","protected":false},"author":1,"featured_media":0,"parent":0,"menu_order":5,"comment_status":"closed","ping_status":"closed","template":"","meta":{"footnotes":""},"_links":{"self":[{"href":"https:\/\/ses-nebulizacao.com\/index.php?rest_route=\/wp\/v2\/pages\/790"}],"collection":[{"href":"https:\/\/ses-nebulizacao.com\/index.php?rest_route=\/wp\/v2\/pages"}],"about":[{"href":"https:\/\/ses-nebulizacao.com\/index.php?rest_route=\/wp\/v2\/types\/page"}],"author":[{"embeddable":true,"href":"https:\/\/ses-nebulizacao.com\/index.php?rest_route=\/wp\/v2\/users\/1"}],"replies":[{"embeddable":true,"href":"https:\/\/ses-nebulizacao.com\/index.php?rest_route=%2Fwp%2Fv2%2Fcomments&post=790"}],"version-history":[{"count":13,"href":"https:\/\/ses-nebulizacao.com\/index.php?rest_route=\/wp\/v2\/pages\/790\/revisions"}],"predecessor-version":[{"id":901,"href":"https:\/\/ses-nebulizacao.com\/index.php?rest_route=\/wp\/v2\/pages\/790\/revisions\/901"}],"wp:attachment":[{"href":"https:\/\/ses-nebulizacao.com\/index.php?rest_route=%2Fwp%2Fv2%2Fmedia&parent=790"}],"curies":[{"name":"wp","href":"https:\/\/api.w.org\/{rel}","templated":true}]}}