{"id":71,"date":"2017-11-20T15:14:58","date_gmt":"2017-11-20T15:14:58","guid":{"rendered":"http:\/\/ses-nebulizacao.com\/?page_id=71"},"modified":"2024-01-17T13:01:13","modified_gmt":"2024-01-17T13:01:13","slug":"contactos","status":"publish","type":"page","link":"https:\/\/ses-nebulizacao.com\/?page_id=71","title":{"rendered":"Contactos"},"content":{"rendered":"<p><span style=\"color: #333333;\"><span style=\"color: #00a3e8;\">Morada:<\/span> Rua 1\u00ba de Maio, s\/n, 7480 &#8211; 028 Alc\u00f3rrego, Avis &#8211; Portugal<\/span><br \/>\n<span style=\"color: #333333;\"><span style=\"color: #00a3e8;\"> Telem\u00f3vel:<\/span> (+351) 938 204 837 (chamada rede m\u00f3vel nacional)<\/span><br \/>\n<span style=\"color: #333333;\"><span style=\"color: #00a3e8;\"> Fax:<\/span> (+351) 242 413 106 (chamada rede fixa nacional)<\/span><br \/>\n<span style=\"color: #333333;\"><span style=\"color: #00a3e8;\"> Emails:<\/span> geral@ses-nebulizacao.com, pierre@ses-nebulizacao.com<\/span><br \/>\n<span style=\"color: #333333;\"><span style=\"color: #00a3e8;\"> Site:<\/span> www.brumizacao.com<\/span><\/p>\n\n<div class=\"wpcf7 no-js\" id=\"wpcf7-f787-o1\" lang=\"pt-PT\" dir=\"ltr\">\n<div class=\"screen-reader-response\"><p role=\"status\" aria-live=\"polite\" aria-atomic=\"true\"><\/p> <ul><\/ul><\/div>\n<form action=\"\/index.php?rest_route=%2Fwp%2Fv2%2Fpages%2F71#wpcf7-f787-o1\" method=\"post\" class=\"wpcf7-form init\" aria-label=\"Formul\u00e1rio de contacto\" novalidate=\"novalidate\" data-status=\"init\">\n<div style=\"display: none;\">\n<input type=\"hidden\" name=\"_wpcf7\" value=\"787\" \/>\n<input type=\"hidden\" name=\"_wpcf7_version\" value=\"5.8.6\" \/>\n<input type=\"hidden\" name=\"_wpcf7_locale\" value=\"pt_PT\" \/>\n<input type=\"hidden\" name=\"_wpcf7_unit_tag\" value=\"wpcf7-f787-o1\" \/>\n<input type=\"hidden\" name=\"_wpcf7_container_post\" value=\"0\" \/>\n<input type=\"hidden\" name=\"_wpcf7_posted_data_hash\" value=\"\" \/>\n<\/div>\n<p><label> O seu nome (obrigat\u00f3rio)<br \/>\n<span class=\"wpcf7-form-control-wrap\" data-name=\"your-name\"><input size=\"40\" class=\"wpcf7-form-control wpcf7-text wpcf7-validates-as-required\" aria-required=\"true\" aria-invalid=\"false\" value=\"\" type=\"text\" name=\"your-name\" \/><\/span> <\/label>\n<\/p>\n<p><label> O seu email (obrigat\u00f3rio)<br \/>\n<span class=\"wpcf7-form-control-wrap\" data-name=\"your-email\"><input size=\"40\" class=\"wpcf7-form-control wpcf7-email wpcf7-validates-as-required wpcf7-text wpcf7-validates-as-email\" aria-required=\"true\" aria-invalid=\"false\" value=\"\" type=\"email\" name=\"your-email\" \/><\/span> <\/label>\n<\/p>\n<p><label> Assunto<br \/>\n<span class=\"wpcf7-form-control-wrap\" data-name=\"your-subject\"><input size=\"40\" class=\"wpcf7-form-control wpcf7-text\" aria-invalid=\"false\" value=\"\" type=\"text\" name=\"your-subject\" \/><\/span> <\/label>\n<\/p>\n<p><label> A sua mensagem<br \/>\n<span class=\"wpcf7-form-control-wrap\" data-name=\"your-message\"><textarea cols=\"40\" rows=\"10\" class=\"wpcf7-form-control wpcf7-textarea\" aria-invalid=\"false\" name=\"your-message\"><\/textarea><\/span> <\/label>\n<\/p>\n<p><input class=\"wpcf7-form-control wpcf7-submit has-spinner\" type=\"submit\" value=\"Enviar\" \/>\n<\/p><div class=\"wpcf7-response-output\" aria-hidden=\"true\"><\/div>\n<\/form>\n<\/div>\n\n","protected":false},"excerpt":{"rendered":"<p>Morada: Rua 1\u00ba de Maio, s\/n, 7480 &#8211; 028 Alc\u00f3rrego, Avis &#8211; Portugal Telem\u00f3vel: (+351) 938 204 837 (chamada rede m\u00f3vel nacional) Fax: (+351) 242 413 106 (chamada rede fixa nacional) Emails: geral@ses-nebulizacao.com, pierre@ses-nebulizacao.com Site: www.brumizacao.com<\/p>\n","protected":false},"author":1,"featured_media":0,"parent":0,"menu_order":8,"comment_status":"closed","ping_status":"closed","template":"","meta":{"footnotes":""},"_links":{"self":[{"href":"https:\/\/ses-nebulizacao.com\/index.php?rest_route=\/wp\/v2\/pages\/71"}],"collection":[{"href":"https:\/\/ses-nebulizacao.com\/index.php?rest_route=\/wp\/v2\/pages"}],"about":[{"href":"https:\/\/ses-nebulizacao.com\/index.php?rest_route=\/wp\/v2\/types\/page"}],"author":[{"embeddable":true,"href":"https:\/\/ses-nebulizacao.com\/index.php?rest_route=\/wp\/v2\/users\/1"}],"replies":[{"embeddable":true,"href":"https:\/\/ses-nebulizacao.com\/index.php?rest_route=%2Fwp%2Fv2%2Fcomments&post=71"}],"version-history":[{"count":35,"href":"https:\/\/ses-nebulizacao.com\/index.php?rest_route=\/wp\/v2\/pages\/71\/revisions"}],"predecessor-version":[{"id":909,"href":"https:\/\/ses-nebulizacao.com\/index.php?rest_route=\/wp\/v2\/pages\/71\/revisions\/909"}],"wp:attachment":[{"href":"https:\/\/ses-nebulizacao.com\/index.php?rest_route=%2Fwp%2Fv2%2Fmedia&parent=71"}],"curies":[{"name":"wp","href":"https:\/\/api.w.org\/{rel}","templated":true}]}}