{"id":563,"date":"2018-03-03T16:11:34","date_gmt":"2018-03-03T16:11:34","guid":{"rendered":"http:\/\/ses-nebulizacao.com\/?page_id=563"},"modified":"2018-03-05T17:05:55","modified_gmt":"2018-03-05T17:05:55","slug":"aplicacoes","status":"publish","type":"page","link":"https:\/\/ses-nebulizacao.com\/?page_id=563","title":{"rendered":"Aplica\u00e7\u00f5es"},"content":{"rendered":"<div>\n<table id=\"tablepress-1\" class=\"tablepress tablepress-id-1\">\n<thead>\n<tr class=\"row-1 odd\">\n\t<th class=\"column-1\"><\/th><th class=\"column-2\">Refrigera\u00e7\u00e3o<\/th><th class=\"column-3\">Controlo da poeira, do ar e gases<\/th><th class=\"column-4\">Humidifica\u00e7\u00e3o \/ lavagem<\/th><th class=\"column-5\">Controlo de gelo<\/th><th class=\"column-6\">Controlo de doen\u00e7as e parasitas<\/th><th class=\"column-7\">Fertilizantes qu\u00edmicos<\/th>\n<\/tr>\n<\/thead>\n<tbody class=\"row-hover\">\n<tr class=\"row-2 even\">\n\t<td colspan=\"2\" class=\"column-1\">Atividades exteriores \/ ar livre<\/td><td class=\"column-3\"><\/td><td class=\"column-4\"><\/td><td class=\"column-5\"><\/td><td class=\"column-6\"><\/td><td class=\"column-7\"><\/td>\n<\/tr>\n<tr class=\"row-3 odd\">\n\t<td class=\"column-1\">Parques de lazer<\/td><td class=\"column-2\"><div style=\"text-align: center;\"><div style=\"text-align: center;\"><span class=\"greenCheck\">\u2713<\/span><\/div><\/div><\/td><td class=\"column-3\"><\/td><td class=\"column-4\"> <\/td><td class=\"column-5\"><\/td><td class=\"column-6\"><\/td><td class=\"column-7\"><\/td>\n<\/tr>\n<tr class=\"row-4 even\">\n\t<td class=\"column-1\">Campos de golfe<\/td><td class=\"column-2\"><div style=\"text-align: center;\"><div style=\"text-align: center;\"><span class=\"greenCheck\">\u2713<\/span><\/div><\/div><\/td><td class=\"column-3\"><\/td><td class=\"column-4\"> <\/td><td class=\"column-5\"><\/td><td class=\"column-6\"><\/td><td class=\"column-7\"><\/td>\n<\/tr>\n<tr class=\"row-5 odd\">\n\t<td class=\"column-1\">Hot\u00e9is<\/td><td class=\"column-2\"><div style=\"text-align: center;\"><div style=\"text-align: center;\"><span class=\"greenCheck\">\u2713<\/span><\/div><\/div><\/td><td class=\"column-3\"><\/td><td class=\"column-4\"> <\/td><td class=\"column-5\"><\/td><td class=\"column-6\"><\/td><td class=\"column-7\"><\/td>\n<\/tr>\n<tr class=\"row-6 even\">\n\t<td class=\"column-1\">Habita\u00e7\u00f5es<\/td><td class=\"column-2\"><div style=\"text-align: center;\"><div style=\"text-align: center;\"><span class=\"greenCheck\">\u2713<\/span><\/div><\/div><\/td><td class=\"column-3\"><\/td><td class=\"column-4\"> <\/td><td class=\"column-5\"><\/td><td class=\"column-6\"><\/td><td class=\"column-7\"><\/td>\n<\/tr>\n<tr class=\"row-7 odd\">\n\t<td class=\"column-1\">Restaurantes<\/td><td class=\"column-2\"><div style=\"text-align: center;\"><div style=\"text-align: center;\"><span class=\"greenCheck\">\u2713<\/span><\/div><\/div><\/td><td class=\"column-3\"><\/td><td class=\"column-4\"> <\/td><td class=\"column-5\"><\/td><td class=\"column-6\"><\/td><td class=\"column-7\"><\/td>\n<\/tr>\n<tr class=\"row-8 even\">\n\t<td class=\"column-1\">Locais de espet\u00e1culos<\/td><td class=\"column-2\"><div style=\"text-align: center;\"><div style=\"text-align: center;\"><span class=\"greenCheck\">\u2713<\/span><\/div><\/div><\/td><td class=\"column-3\"><\/td><td class=\"column-4\"><\/td><td class=\"column-5\"><\/td><td class=\"column-6\"><\/td><td class=\"column-7\"><\/td>\n<\/tr>\n<tr class=\"row-9 odd\">\n\t<td class=\"column-1\">Cortes de t\u00e9nis<\/td><td class=\"column-2\"><div style=\"text-align: center;\"><div style=\"text-align: center;\"><span class=\"greenCheck\">\u2713<\/span><\/div><\/div><\/td><td class=\"column-3\"><\/td><td class=\"column-4\"><\/td><td class=\"column-5\"><\/td><td class=\"column-6\"><\/td><td class=\"column-7\"><\/td>\n<\/tr>\n<tr class=\"row-10 even\">\n\t<td colspan=\"2\" class=\"column-1\">Animais \/ aplica\u00e7\u00f5es zoot\u00e9cnicas<\/td><td class=\"column-3\"><\/td><td class=\"column-4\"><\/td><td class=\"column-5\"><\/td><td class=\"column-6\"><\/td><td class=\"column-7\"><\/td>\n<\/tr>\n<tr class=\"row-11 odd\">\n\t<td class=\"column-1\">Avicultura<\/td><td class=\"column-2\"><div style=\"text-align: center;\"><div style=\"text-align: center;\"><span class=\"greenCheck\">\u2713<\/span><\/div><\/div><\/td><td class=\"column-3\"><div style=\"text-align: center;\"><div style=\"text-align: center;\"><span class=\"greenCheck\">\u2713<\/span><\/div><\/div><\/td><td class=\"column-4\"><div style=\"text-align: center;\"><div style=\"text-align: center;\"><span class=\"greenCheck\">\u2713<\/span><\/div><\/div><\/td><td class=\"column-5\"><\/td><td class=\"column-6\"><div style=\"text-align: center;\"><div style=\"text-align: center;\"><span class=\"greenCheck\">\u2713<\/span><\/div><\/div><\/td><td class=\"column-7\"><\/td>\n<\/tr>\n<tr class=\"row-12 even\">\n\t<td class=\"column-1\">Celeiros<\/td><td class=\"column-2\"><div style=\"text-align: center;\"><div style=\"text-align: center;\"><span class=\"greenCheck\">\u2713<\/span><\/div><\/div><\/td><td class=\"column-3\"><div style=\"text-align: center;\"><div style=\"text-align: center;\"><span class=\"greenCheck\">\u2713<\/span><\/div><\/div><\/td><td class=\"column-4\"><\/td><td class=\"column-5\"><\/td><td class=\"column-6\"><div style=\"text-align: center;\"><div style=\"text-align: center;\"><span class=\"greenCheck\">\u2713<\/span><\/div><\/div><\/td><td class=\"column-7\"><\/td>\n<\/tr>\n<tr class=\"row-13 odd\">\n\t<td class=\"column-1\">Galinheiros<\/td><td class=\"column-2\"><div style=\"text-align: center;\"><div style=\"text-align: center;\"><span class=\"greenCheck\">\u2713<\/span><\/div><\/div><\/td><td class=\"column-3\"><div style=\"text-align: center;\"><div style=\"text-align: center;\"><span class=\"greenCheck\">\u2713<\/span><\/div><\/div><\/td><td class=\"column-4\"><\/td><td class=\"column-5\"><\/td><td class=\"column-6\"><div style=\"text-align: center;\"><div style=\"text-align: center;\"><span class=\"greenCheck\">\u2713<\/span><\/div><\/div><\/td><td class=\"column-7\"><\/td>\n<\/tr>\n<tr class=\"row-14 even\">\n\t<td class=\"column-1\">Pocilgas<\/td><td class=\"column-2\"><div style=\"text-align: center;\"><div style=\"text-align: center;\"><span class=\"greenCheck\">\u2713<\/span><\/div><\/div><\/td><td class=\"column-3\"><div style=\"text-align: center;\"><div style=\"text-align: center;\"><span class=\"greenCheck\">\u2713<\/span><\/div><\/div><\/td><td class=\"column-4\"><div style=\"text-align: center;\"><div style=\"text-align: center;\"><span class=\"greenCheck\">\u2713<\/span><\/div><\/div><\/td><td class=\"column-5\"><\/td><td class=\"column-6\"><div style=\"text-align: center;\"><div style=\"text-align: center;\"><span class=\"greenCheck\">\u2713<\/span><\/div><\/div><\/td><td class=\"column-7\"><\/td>\n<\/tr>\n<tr class=\"row-15 odd\">\n\t<td class=\"column-1\">Cavalari\u00e7as \/ est\u00e1bulos<\/td><td class=\"column-2\"><div style=\"text-align: center;\"><div style=\"text-align: center;\"><span class=\"greenCheck\">\u2713<\/span><\/div><\/div><\/td><td class=\"column-3\"><div style=\"text-align: center;\"><div style=\"text-align: center;\"><span class=\"greenCheck\">\u2713<\/span><\/div><\/div><\/td><td class=\"column-4\"><\/td><td class=\"column-5\"><\/td><td class=\"column-6\"><div style=\"text-align: center;\"><div style=\"text-align: center;\"><span class=\"greenCheck\">\u2713<\/span><\/div><\/div><\/td><td class=\"column-7\"><\/td>\n<\/tr>\n<tr class=\"row-16 even\">\n\t<td class=\"column-1\">Gado (vacas, etc)<\/td><td class=\"column-2\"><div style=\"text-align: center;\"><div style=\"text-align: center;\"><span class=\"greenCheck\">\u2713<\/span><\/div><\/div><\/td><td class=\"column-3\"><div style=\"text-align: center;\"><div style=\"text-align: center;\"><span class=\"greenCheck\">\u2713<\/span><\/div><\/div><\/td><td class=\"column-4\"><\/td><td class=\"column-5\"><\/td><td class=\"column-6\"><div style=\"text-align: center;\"><div style=\"text-align: center;\"><span class=\"greenCheck\">\u2713<\/span><\/div><\/div><\/td><td class=\"column-7\"><\/td>\n<\/tr>\n<tr class=\"row-17 odd\">\n\t<td class=\"column-1\">Aves dom\u00e9sticas<\/td><td class=\"column-2\"><div style=\"text-align: center;\"><div style=\"text-align: center;\"><span class=\"greenCheck\">\u2713<\/span><\/div><\/div><\/td><td class=\"column-3\"><div style=\"text-align: center;\"><div style=\"text-align: center;\"><span class=\"greenCheck\">\u2713<\/span><\/div><\/div><\/td><td class=\"column-4\"><\/td><td class=\"column-5\"><\/td><td class=\"column-6\"><div style=\"text-align: center;\"><div style=\"text-align: center;\"><span class=\"greenCheck\">\u2713<\/span><\/div><\/div><\/td><td class=\"column-7\"><\/td>\n<\/tr>\n<tr class=\"row-18 even\">\n\t<td class=\"column-1\">Zoos\u00a0<\/td><td class=\"column-2\"><div style=\"text-align: center;\"><div style=\"text-align: center;\"><span class=\"greenCheck\">\u2713<\/span><\/div><\/div><\/td><td class=\"column-3\"><div style=\"text-align: center;\"><div style=\"text-align: center;\"><span class=\"greenCheck\">\u2713<\/span><\/div><\/div><\/td><td class=\"column-4\"><div style=\"text-align: center;\"><div style=\"text-align: center;\"><span class=\"greenCheck\">\u2713<\/span><\/div><\/div><\/td><td class=\"column-5\"><\/td><td class=\"column-6\"><div style=\"text-align: center;\"><div style=\"text-align: center;\"><span class=\"greenCheck\">\u2713<\/span><\/div><\/div><\/td><td class=\"column-7\"><\/td>\n<\/tr>\n<tr class=\"row-19 odd\">\n\t<td colspan=\"2\" class=\"column-1\">Agricultura \/ horticultura<\/td><td class=\"column-3\"><\/td><td class=\"column-4\"><\/td><td class=\"column-5\"><\/td><td class=\"column-6\"><\/td><td class=\"column-7\"><\/td>\n<\/tr>\n<tr class=\"row-20 even\">\n\t<td class=\"column-1\">Floricultura<\/td><td class=\"column-2\"><div style=\"text-align: center;\"><div style=\"text-align: center;\"><span class=\"greenCheck\">\u2713<\/span><\/div><\/div><\/td><td class=\"column-3\"><\/td><td class=\"column-4\"><div style=\"text-align: center;\"><div style=\"text-align: center;\"><span class=\"greenCheck\">\u2713<\/span><\/div><\/div><\/td><td class=\"column-5\"><div style=\"text-align: center;\"><div style=\"text-align: center;\"><span class=\"greenCheck\">\u2713<\/span><\/div><\/div><\/td><td class=\"column-6\"><div style=\"text-align: center;\"><div style=\"text-align: center;\"><span class=\"greenCheck\">\u2713<\/span><\/div><\/div><\/td><td class=\"column-7\"><div style=\"text-align: center;\"><div style=\"text-align: center;\"><span class=\"greenCheck\">\u2713<\/span><\/div><\/div><\/td>\n<\/tr>\n<tr class=\"row-21 odd\">\n\t<td class=\"column-1\">Alimenta\u00e7\u00e3o \/ nutri\u00e7\u00e3o foliar<\/td><td class=\"column-2\"><\/td><td class=\"column-3\"><\/td><td class=\"column-4\"><div style=\"text-align: center;\"><div style=\"text-align: center;\"><span class=\"greenCheck\">\u2713<\/span><\/div><\/div><\/td><td class=\"column-5\"><\/td><td class=\"column-6\"><\/td><td class=\"column-7\"><div style=\"text-align: center;\"><div style=\"text-align: center;\"><span class=\"greenCheck\">\u2713<\/span><\/div><\/div><\/td>\n<\/tr>\n<tr class=\"row-22 even\">\n\t<td class=\"column-1\">Estufas<\/td><td class=\"column-2\"><div style=\"text-align: center;\"><div style=\"text-align: center;\"><span class=\"greenCheck\">\u2713<\/span><\/div><\/div><\/td><td class=\"column-3\"><\/td><td class=\"column-4\"><div style=\"text-align: center;\"><div style=\"text-align: center;\"><span class=\"greenCheck\">\u2713<\/span><\/div><\/div><\/td><td class=\"column-5\"><\/td><td class=\"column-6\"><div style=\"text-align: center;\"><div style=\"text-align: center;\"><span class=\"greenCheck\">\u2713<\/span><\/div><\/div><\/td><td class=\"column-7\"><div style=\"text-align: center;\"><div style=\"text-align: center;\"><span class=\"greenCheck\">\u2713<\/span><\/div><\/div><\/td>\n<\/tr>\n<tr class=\"row-23 odd\">\n\t<td class=\"column-1\">Culturas hidropr\u00f3nicas<\/td><td class=\"column-2\"><div style=\"text-align: center;\"><div style=\"text-align: center;\"><span class=\"greenCheck\">\u2713<\/span><\/div><\/div><\/td><td class=\"column-3\"><\/td><td class=\"column-4\"><div style=\"text-align: center;\"><div style=\"text-align: center;\"><span class=\"greenCheck\">\u2713<\/span><\/div><\/div><\/td><td class=\"column-5\"><\/td><td class=\"column-6\"><div style=\"text-align: center;\"><div style=\"text-align: center;\"><span class=\"greenCheck\">\u2713<\/span><\/div><\/div><\/td><td class=\"column-7\"><div style=\"text-align: center;\"><div style=\"text-align: center;\"><span class=\"greenCheck\">\u2713<\/span><\/div><\/div><\/td>\n<\/tr>\n<tr class=\"row-24 even\">\n\t<td class=\"column-1\">Pomares<\/td><td class=\"column-2\"><\/td><td class=\"column-3\"><\/td><td class=\"column-4\"><\/td><td class=\"column-5\"><div style=\"text-align: center;\"><div style=\"text-align: center;\"><span class=\"greenCheck\">\u2713<\/span><\/div><\/div><\/td><td class=\"column-6\"><div style=\"text-align: center;\"><div style=\"text-align: center;\"><span class=\"greenCheck\">\u2713<\/span><\/div><\/div><\/td><td class=\"column-7\"><\/td>\n<\/tr>\n<tr class=\"row-25 odd\">\n\t<td class=\"column-1\">F\u00e1bricas de produ\u00e7\u00e3o de legumes<\/td><td class=\"column-2\"><div style=\"text-align: center;\"><div style=\"text-align: center;\"><span class=\"greenCheck\">\u2713<\/span><\/div><\/div><\/td><td class=\"column-3\"><\/td><td class=\"column-4\"><div style=\"text-align: center;\"><div style=\"text-align: center;\"><span class=\"greenCheck\">\u2713<\/span><\/div><\/div><\/td><td class=\"column-5\"><div style=\"text-align: center;\"><div style=\"text-align: center;\"><span class=\"greenCheck\">\u2713<\/span><\/div><\/div><\/td><td class=\"column-6\"><div style=\"text-align: center;\"><div style=\"text-align: center;\"><span class=\"greenCheck\">\u2713<\/span><\/div><\/div><\/td><td class=\"column-7\"><\/td>\n<\/tr>\n<tr class=\"row-26 even\">\n\t<td class=\"column-1\">Propaga\u00e7\u00e3o \/ multiplica\u00e7\u00e3o da cultura<\/td><td class=\"column-2\"><\/td><td class=\"column-3\"><\/td><td class=\"column-4\"><div style=\"text-align: center;\"><div style=\"text-align: center;\"><span class=\"greenCheck\">\u2713<\/span><\/div><\/div><\/td><td class=\"column-5\"><\/td><td class=\"column-6\"><div style=\"text-align: center;\"><div style=\"text-align: center;\"><span class=\"greenCheck\">\u2713<\/span><\/div><\/div><\/td><td class=\"column-7\"><div style=\"text-align: center;\"><div style=\"text-align: center;\"><span class=\"greenCheck\">\u2713<\/span><\/div><\/div><\/td>\n<\/tr>\n<tr class=\"row-27 odd\">\n\t<td class=\"column-1\">Armazenamento<\/td><td class=\"column-2\"><div style=\"text-align: center;\"><div style=\"text-align: center;\"><span class=\"greenCheck\">\u2713<\/span><\/div><\/div><\/td><td class=\"column-3\"><div style=\"text-align: center;\"><div style=\"text-align: center;\"><span class=\"greenCheck\">\u2713<\/span><\/div><\/div><\/td><td class=\"column-4\"><div style=\"text-align: center;\"><div style=\"text-align: center;\"><span class=\"greenCheck\">\u2713<\/span><\/div><\/div><\/td><td class=\"column-5\"><\/td><td class=\"column-6\"><div style=\"text-align: center;\"><div style=\"text-align: center;\"><span class=\"greenCheck\">\u2713<\/span><\/div><\/div><\/td><td class=\"column-7\"><\/td>\n<\/tr>\n<tr class=\"row-28 even\">\n\t<td class=\"column-1\">Culturas de tecidos<\/td><td class=\"column-2\"><\/td><td class=\"column-3\"><\/td><td class=\"column-4\"><\/td><td class=\"column-5\"><\/td><td class=\"column-6\"><\/td><td class=\"column-7\"><div style=\"text-align: center;\"><div style=\"text-align: center;\"><span class=\"greenCheck\">\u2713<\/span><\/div><\/div><\/td>\n<\/tr>\n<tr class=\"row-29 odd\">\n\t<td class=\"column-1\">Caves<\/td><td class=\"column-2\"><\/td><td class=\"column-3\"><\/td><td class=\"column-4\"><div style=\"text-align: center;\"><div style=\"text-align: center;\"><span class=\"greenCheck\">\u2713<\/span><\/div><\/div><\/td><td class=\"column-5\"><div style=\"text-align: center;\"><div style=\"text-align: center;\"><span class=\"greenCheck\">\u2713<\/span><\/div><\/div><\/td><td class=\"column-6\"><div style=\"text-align: center;\"><div style=\"text-align: center;\"><span class=\"greenCheck\">\u2713<\/span><\/div><\/div><\/td><td class=\"column-7\"><\/td>\n<\/tr>\n<tr class=\"row-30 even\">\n\t<td colspan=\"2\" class=\"column-1\">Ind\u00fastria \/ com\u00e9rcio\u00a0<\/td><td class=\"column-3\"><\/td><td class=\"column-4\"><\/td><td class=\"column-5\"><\/td><td class=\"column-6\"><\/td><td class=\"column-7\"><\/td>\n<\/tr>\n<tr class=\"row-31 odd\">\n\t<td class=\"column-1\">Ar e g\u00e1s<\/td><td class=\"column-2\"><\/td><td class=\"column-3\"><\/td><td class=\"column-4\"><div style=\"text-align: center;\"><div style=\"text-align: center;\"><span class=\"greenCheck\">\u2713<\/span><\/div><\/div><\/td><td class=\"column-5\"><\/td><td class=\"column-6\"><\/td><td class=\"column-7\"><div style=\"text-align: center;\"><div style=\"text-align: center;\"><span class=\"greenCheck\">\u2713<\/span><\/div><\/div><\/td>\n<\/tr>\n<tr class=\"row-32 even\">\n\t<td class=\"column-1\">Minerais<\/td><td class=\"column-2\"><div style=\"text-align: center;\"><div style=\"text-align: center;\"><span class=\"greenCheck\">\u2713<\/span><\/div><\/div><\/td><td class=\"column-3\"><\/td><td class=\"column-4\"><\/td><td class=\"column-5\"><\/td><td class=\"column-6\"><\/td><td class=\"column-7\"><\/td>\n<\/tr>\n<tr class=\"row-33 odd\">\n\t<td class=\"column-1\">Torres de refrigera\u00e7\u00e3o<\/td><td class=\"column-2\"><div style=\"text-align: center;\"><div style=\"text-align: center;\"><span class=\"greenCheck\">\u2713<\/span><\/div><\/div><\/td><td class=\"column-3\"><\/td><td class=\"column-4\"><div style=\"text-align: center;\"><div style=\"text-align: center;\"><span class=\"greenCheck\">\u2713<\/span><\/div><\/div><\/td><td class=\"column-5\"><\/td><td class=\"column-6\"><\/td><td class=\"column-7\"><div style=\"text-align: center;\"><div style=\"text-align: center;\"><span class=\"greenCheck\">\u2713<\/span><\/div><\/div><\/td>\n<\/tr>\n<tr class=\"row-34 even\">\n\t<td class=\"column-1\">Tratamento de bet\u00e3o<\/td><td class=\"column-2\"><\/td><td class=\"column-3\"><\/td><td class=\"column-4\"><div style=\"text-align: center;\"><div style=\"text-align: center;\"><span class=\"greenCheck\">\u2713<\/span><\/div><\/div><\/td><td class=\"column-5\"><\/td><td class=\"column-6\"><\/td><td class=\"column-7\"><div style=\"text-align: center;\"><div style=\"text-align: center;\"><span class=\"greenCheck\">\u2713<\/span><\/div><\/div><\/td>\n<\/tr>\n<tr class=\"row-35 odd\">\n\t<td class=\"column-1\">Constru\u00e7\u00f5es<\/td><td class=\"column-2\"><div style=\"text-align: center;\"><div style=\"text-align: center;\"><span class=\"greenCheck\">\u2713<\/span><\/div><\/div><\/td><td class=\"column-3\"><div style=\"text-align: center;\"><div style=\"text-align: center;\"><span class=\"greenCheck\">\u2713<\/span><\/div><\/div><\/td><td class=\"column-4\"><\/td><td class=\"column-5\"><\/td><td class=\"column-6\"><\/td><td class=\"column-7\"><\/td>\n<\/tr>\n<tr class=\"row-36 even\">\n\t<td class=\"column-1\">Descaro\u00e7amento<\/td><td class=\"column-2\"><\/td><td class=\"column-3\"><\/td><td class=\"column-4\"><div style=\"text-align: center;\"><div style=\"text-align: center;\"><span class=\"greenCheck\">\u2713<\/span><\/div><\/div><\/td><td class=\"column-5\"><\/td><td class=\"column-6\"><div style=\"text-align: center;\"><div style=\"text-align: center;\"><span class=\"greenCheck\">\u2713<\/span><\/div><\/div><\/td><td class=\"column-7\"><\/td>\n<\/tr>\n<tr class=\"row-37 odd\">\n\t<td class=\"column-1\">Tratamento de odores<\/td><td class=\"column-2\"><\/td><td class=\"column-3\"><\/td><td class=\"column-4\"><div style=\"text-align: center;\"><div style=\"text-align: center;\"><span class=\"greenCheck\">\u2713<\/span><\/div><\/div><\/td><td class=\"column-5\"><\/td><td class=\"column-6\"><\/td><td class=\"column-7\"><div style=\"text-align: center;\"><div style=\"text-align: center;\"><span class=\"greenCheck\">\u2713<\/span><\/div><\/div><\/td>\n<\/tr>\n<tr class=\"row-38 even\">\n\t<td class=\"column-1\">Trabalhos exteriores<\/td><td class=\"column-2\"><div style=\"text-align: center;\"><div style=\"text-align: center;\"><span class=\"greenCheck\">\u2713<\/span><\/div><\/div><\/td><td class=\"column-3\"><div style=\"text-align: center;\"><div style=\"text-align: center;\"><span class=\"greenCheck\">\u2713<\/span><\/div><\/div><\/td><td class=\"column-4\"><\/td><td class=\"column-5\"><\/td><td class=\"column-6\"><\/td><td class=\"column-7\"><\/td>\n<\/tr>\n<tr class=\"row-39 odd\">\n\t<td class=\"column-1\">Fabrico de papel<\/td><td class=\"column-2\"><\/td><td class=\"column-3\"><\/td><td class=\"column-4\"><div style=\"text-align: center;\"><div style=\"text-align: center;\"><span class=\"greenCheck\">\u2713<\/span><\/div><\/div><\/td><td class=\"column-5\"><\/td><td class=\"column-6\"><\/td><td class=\"column-7\"><div style=\"text-align: center;\"><div style=\"text-align: center;\"><span class=\"greenCheck\">\u2713<\/span><\/div><\/div><\/td>\n<\/tr>\n<tr class=\"row-40 even\">\n\t<td class=\"column-1\">Extrus\u00e3o de pl\u00e1stico\u00a0<\/td><td class=\"column-2\"><div style=\"text-align: center;\"><div style=\"text-align: center;\"><span class=\"greenCheck\">\u2713<\/span><\/div><\/div><\/td><td class=\"column-3\"><\/td><td class=\"column-4\"><\/td><td class=\"column-5\"><\/td><td class=\"column-6\"><\/td><td class=\"column-7\"><div style=\"text-align: center;\"><div style=\"text-align: center;\"><span class=\"greenCheck\">\u2713<\/span><\/div><\/div><\/td>\n<\/tr>\n<tr class=\"row-41 odd\">\n\t<td class=\"column-1\">Controlo de polui\u00e7\u00e3o<\/td><td class=\"column-2\"><\/td><td class=\"column-3\"><div style=\"text-align: center;\"><div style=\"text-align: center;\"><span class=\"greenCheck\">\u2713<\/span><\/div><\/div><\/td><td class=\"column-4\"><div style=\"text-align: center;\"><div style=\"text-align: center;\"><span class=\"greenCheck\">\u2713<\/span><\/div><\/div><\/td><td class=\"column-5\"><\/td><td class=\"column-6\"><\/td><td class=\"column-7\"><div style=\"text-align: center;\"><div style=\"text-align: center;\"><span class=\"greenCheck\">\u2713<\/span><\/div><\/div><\/td>\n<\/tr>\n<tr class=\"row-42 even\">\n\t<td class=\"column-1\">Radiadores<\/td><td class=\"column-2\"><div style=\"text-align: center;\"><div style=\"text-align: center;\"><span class=\"greenCheck\">\u2713<\/span><\/div><\/div><\/td><td class=\"column-3\"><\/td><td class=\"column-4\"><\/td><td class=\"column-5\"><\/td><td class=\"column-6\"><\/td><td class=\"column-7\"><\/td>\n<\/tr>\n<tr class=\"row-43 odd\">\n\t<td class=\"column-1\">Coberturas \/ telhados<\/td><td class=\"column-2\"><div style=\"text-align: center;\"><div style=\"text-align: center;\"><span class=\"greenCheck\">\u2713<\/span><\/div><\/div><\/td><td class=\"column-3\"><\/td><td class=\"column-4\"><\/td><td class=\"column-5\"><\/td><td class=\"column-6\"><\/td><td class=\"column-7\"><\/td>\n<\/tr>\n<tr class=\"row-44 even\">\n\t<td class=\"column-1\">Rotativas (m\u00e1quinas)<\/td><td class=\"column-2\"><\/td><td class=\"column-3\"><\/td><td class=\"column-4\"><div style=\"text-align: center;\"><div style=\"text-align: center;\"><span class=\"greenCheck\">\u2713<\/span><\/div><\/div><\/td><td class=\"column-5\"><\/td><td class=\"column-6\"><\/td><td class=\"column-7\"><div style=\"text-align: center;\"><div style=\"text-align: center;\"><span class=\"greenCheck\">\u2713<\/span><\/div><\/div><\/td>\n<\/tr>\n<tr class=\"row-45 odd\">\n\t<td class=\"column-1\">Armazenamento<\/td><td class=\"column-2\"><div style=\"text-align: center;\"><div style=\"text-align: center;\"><span class=\"greenCheck\">\u2713<\/span><\/div><\/div><\/td><td class=\"column-3\"><div style=\"text-align: center;\"><div style=\"text-align: center;\"><span class=\"greenCheck\">\u2713<\/span><\/div><\/div><\/td><td class=\"column-4\"><div style=\"text-align: center;\"><div style=\"text-align: center;\"><span class=\"greenCheck\">\u2713<\/span><\/div><\/div><\/td><td class=\"column-5\"><\/td><td class=\"column-6\"><div style=\"text-align: center;\"><div style=\"text-align: center;\"><span class=\"greenCheck\">\u2713<\/span><\/div><\/div><\/td><td class=\"column-7\"><\/td>\n<\/tr>\n<tr class=\"row-46 even\">\n\t<td class=\"column-1\">T\u00eaxteis\u00a0<\/td><td class=\"column-2\"><\/td><td class=\"column-3\"><\/td><td class=\"column-4\"><div style=\"text-align: center;\"><div style=\"text-align: center;\"><span class=\"greenCheck\">\u2713<\/span><\/div><\/div><\/td><td class=\"column-5\"><\/td><td class=\"column-6\"><\/td><td class=\"column-7\"><div style=\"text-align: center;\"><div style=\"text-align: center;\"><span class=\"greenCheck\">\u2713<\/span><\/div><\/div><\/td>\n<\/tr>\n<tr class=\"row-47 odd\">\n\t<td class=\"column-1\">Exposi\u00e7\u00e3o de alimentos\u00a0<\/td><td class=\"column-2\"><div style=\"text-align: center;\"><div style=\"text-align: center;\"><span class=\"greenCheck\">\u2713<\/span><\/div><\/div><\/td><td class=\"column-3\"><\/td><td class=\"column-4\"><div style=\"text-align: center;\"><div style=\"text-align: center;\"><span class=\"greenCheck\">\u2713<\/span><\/div><\/div><\/td><td class=\"column-5\"><div style=\"text-align: center;\"><div style=\"text-align: center;\"><span class=\"greenCheck\">\u2713<\/span><\/div><\/div><\/td><td class=\"column-6\"><\/td><td class=\"column-7\"><\/td>\n<\/tr>\n<tr class=\"row-48 even\">\n\t<td class=\"column-1\"><\/td><td class=\"column-2\"><\/td><td class=\"column-3\"><\/td><td class=\"column-4\"><\/td><td class=\"column-5\"><\/td><td class=\"column-6\"><\/td><td class=\"column-7\"><\/td>\n<\/tr>\n<\/tbody>\n<\/table>\n<!-- #tablepress-1 from cache --><\/div>\n","protected":false},"excerpt":{"rendered":"","protected":false},"author":1,"featured_media":0,"parent":0,"menu_order":3,"comment_status":"closed","ping_status":"closed","template":"fullwidth.php","meta":{"footnotes":""},"_links":{"self":[{"href":"https:\/\/ses-nebulizacao.com\/index.php?rest_route=\/wp\/v2\/pages\/563"}],"collection":[{"href":"https:\/\/ses-nebulizacao.com\/index.php?rest_route=\/wp\/v2\/pages"}],"about":[{"href":"https:\/\/ses-nebulizacao.com\/index.php?rest_route=\/wp\/v2\/types\/page"}],"author":[{"embeddable":true,"href":"https:\/\/ses-nebulizacao.com\/index.php?rest_route=\/wp\/v2\/users\/1"}],"replies":[{"embeddable":true,"href":"https:\/\/ses-nebulizacao.com\/index.php?rest_route=%2Fwp%2Fv2%2Fcomments&post=563"}],"version-history":[{"count":11,"href":"https:\/\/ses-nebulizacao.com\/index.php?rest_route=\/wp\/v2\/pages\/563\/revisions"}],"predecessor-version":[{"id":642,"href":"https:\/\/ses-nebulizacao.com\/index.php?rest_route=\/wp\/v2\/pages\/563\/revisions\/642"}],"wp:attachment":[{"href":"https:\/\/ses-nebulizacao.com\/index.php?rest_route=%2Fwp%2Fv2%2Fmedia&parent=563"}],"curies":[{"name":"wp","href":"https:\/\/api.w.org\/{rel}","templated":true}]}}