{"id":50,"date":"2017-11-20T14:30:33","date_gmt":"2017-11-20T14:30:33","guid":{"rendered":"http:\/\/ses-nebulizacao.com\/?page_id=50"},"modified":"2022-04-19T11:36:20","modified_gmt":"2022-04-19T11:36:20","slug":"novidades","status":"publish","type":"page","link":"https:\/\/ses-nebulizacao.com\/?page_id=50","title":{"rendered":"Eventos"},"content":{"rendered":"<p>Caros clientes, interessados e amigos:<\/p>\n<p>A SES-BRUMIZA\u00c7\u00c3O estar\u00e1 presente na 38\u00aa Ovibeja solid\u00e1ria com a Ucr\u00e2nia<br \/>A Feira ir\u00e1 realizar-se de 21 a 25 de abril.<\/p>\n<p>Para mais informa\u00e7\u00f5es aceda ao link:\u00a0<a href=\"https:\/\/www.ovibeja.pt\">https:\/\/www.ovibeja.pt<\/a><\/p>\n<p>\u00a0<\/p>\n<p><span style=\"color: #333333;\">Visite-nos!<br \/><\/span><\/p>\n\n\n<figure class=\"wp-block-image size-large\"><img loading=\"lazy\" decoding=\"async\" width=\"1024\" height=\"597\" src=\"https:\/\/ses-nebulizacao.com\/wp-content\/uploads\/2022\/04\/promo_banner-1024x597.jpg\" alt=\"\" class=\"wp-image-898\" srcset=\"https:\/\/ses-nebulizacao.com\/wp-content\/uploads\/2022\/04\/promo_banner-1024x597.jpg 1024w, https:\/\/ses-nebulizacao.com\/wp-content\/uploads\/2022\/04\/promo_banner-300x175.jpg 300w, https:\/\/ses-nebulizacao.com\/wp-content\/uploads\/2022\/04\/promo_banner-768x448.jpg 768w, https:\/\/ses-nebulizacao.com\/wp-content\/uploads\/2022\/04\/promo_banner-600x350.jpg 600w, https:\/\/ses-nebulizacao.com\/wp-content\/uploads\/2022\/04\/promo_banner-274x160.jpg 274w, https:\/\/ses-nebulizacao.com\/wp-content\/uploads\/2022\/04\/promo_banner.jpg 1200w\" sizes=\"(max-width: 1024px) 100vw, 1024px\" \/><\/figure>\n","protected":false},"excerpt":{"rendered":"<p>Caros clientes, interessados e amigos: A SES-BRUMIZA\u00c7\u00c3O estar\u00e1 presente na 38\u00aa Ovibeja solid\u00e1ria com a Ucr\u00e2niaA Feira ir\u00e1 realizar-se de 21 a 25 de abril. Para mais informa\u00e7\u00f5es aceda ao link:\u00a0https:\/\/www.ovibeja.pt \u00a0 Visite-nos!<\/p>\n","protected":false},"author":1,"featured_media":0,"parent":0,"menu_order":6,"comment_status":"closed","ping_status":"closed","template":"","meta":{"footnotes":""},"_links":{"self":[{"href":"https:\/\/ses-nebulizacao.com\/index.php?rest_route=\/wp\/v2\/pages\/50"}],"collection":[{"href":"https:\/\/ses-nebulizacao.com\/index.php?rest_route=\/wp\/v2\/pages"}],"about":[{"href":"https:\/\/ses-nebulizacao.com\/index.php?rest_route=\/wp\/v2\/types\/page"}],"author":[{"embeddable":true,"href":"https:\/\/ses-nebulizacao.com\/index.php?rest_route=\/wp\/v2\/users\/1"}],"replies":[{"embeddable":true,"href":"https:\/\/ses-nebulizacao.com\/index.php?rest_route=%2Fwp%2Fv2%2Fcomments&post=50"}],"version-history":[{"count":54,"href":"https:\/\/ses-nebulizacao.com\/index.php?rest_route=\/wp\/v2\/pages\/50\/revisions"}],"predecessor-version":[{"id":899,"href":"https:\/\/ses-nebulizacao.com\/index.php?rest_route=\/wp\/v2\/pages\/50\/revisions\/899"}],"wp:attachment":[{"href":"https:\/\/ses-nebulizacao.com\/index.php?rest_route=%2Fwp%2Fv2%2Fmedia&parent=50"}],"curies":[{"name":"wp","href":"https:\/\/api.w.org\/{rel}","templated":true}]}}