{"id":387,"date":"2018-02-04T19:12:52","date_gmt":"2018-02-04T19:12:52","guid":{"rendered":"http:\/\/ses-nebulizacao.com\/?page_id=387"},"modified":"2018-03-03T16:23:35","modified_gmt":"2018-03-03T16:23:35","slug":"a-brumizacao","status":"publish","type":"page","link":"https:\/\/ses-nebulizacao.com\/?page_id=387","title":{"rendered":"A brumiza\u00e7\u00e3o"},"content":{"rendered":"<h3><span style=\"color: #00a3e8;\">Brumiza\u00e7\u00e3o &#8211; Como funciona ? <img loading=\"lazy\" decoding=\"async\" class=\"aligncenter wp-image-447\" src=\"http:\/\/ses-nebulizacao.com\/wp-content\/uploads\/2018\/02\/howWorks.png\" alt=\"\" width=\"103\" height=\"103\" srcset=\"https:\/\/ses-nebulizacao.com\/wp-content\/uploads\/2018\/02\/howWorks.png 256w, https:\/\/ses-nebulizacao.com\/wp-content\/uploads\/2018\/02\/howWorks-100x100.png 100w, https:\/\/ses-nebulizacao.com\/wp-content\/uploads\/2018\/02\/howWorks-150x150.png 150w, https:\/\/ses-nebulizacao.com\/wp-content\/uploads\/2018\/02\/howWorks-648x648.png 648w\" sizes=\"(max-width: 103px) 100vw, 103px\" \/><\/span><\/h3>\n<p><span style=\"color: #333333;\">Para se evaporar, a \u00e1gua utiliza energia t\u00e9rmica : &#8220;consumindo&#8221; o calor. Esta absor\u00e7\u00e3o de calorias tem como efeito a diminui\u00e7\u00e3o da temperatura do espa\u00e7o, no qual se efectua esta &#8220;troca&#8221; t\u00e9rmica.<\/span><\/p>\n<p><span style=\"color: #333333;\">A esta\u00e7\u00e3o (equipamento) de nebuliza\u00e7\u00e3o difunde, na zona a arrefecer \/ refrescar, micro-part\u00edculas de \u00e1gua sob a forma de uma bruma extremamente fina que tem a particularidade de se evaporar instantaneamente.<\/span><\/p>\n<p><span style=\"color: #333333;\">A temperatura do ar diminui v\u00e1rios graus, permitindo assim tirar partido de espa\u00e7os exteriores, cobertos ou descobertos, mesmo em per\u00edodos de calor intenso e todos aqueles lugares onde a climatiza\u00e7\u00e3o tradicional n\u00e3o se pode\/\u00e9 d\u00edficil de aplicar. Nestes casos a nebuliza\u00e7\u00e3o pode ser a \u00fanica solu\u00e7\u00e3o.<\/span><br \/>\n<span style=\"color: #333333;\"> Nebuliza\u00e7\u00e3o e refrigera\u00e7\u00e3o s\u00e3o complementares!<\/span><\/p>\n<p><span style=\"color: #00a3e8;\">\u00c1reas Agr\u00edcolas, Ind\u00fastria (conforto \/ controlo do ambiente)<\/span><\/p>\n<p><span style=\"color: #333333;\">Em \u00e1reas agr\u00edcolas, o arrefecimento natural por nebuliza\u00e7\u00e3o de alta press\u00e3o aumenta o conforto para aves e gado, influenciando diretamente o aumento de produtividade.<\/span><\/p>\n<p><span style=\"color: #333333;\">Em alguns setores industriais de produ\u00e7\u00e3o ou de conserva\u00e7\u00e3o, a manuten\u00e7\u00e3o da humidade e da temperatura ambiente \u00e9 essencial.<\/span><\/p>\n<p><span style=\"color: #333333;\">Na ind\u00fastria, constru\u00e7\u00e3o, explora\u00e7\u00f5es agr\u00edcolas, etc, h\u00e1 cada vez mais a preocupa\u00e7\u00e3o de manter o ar em condi\u00e7\u00f5es ideias; livre de poeiras e outros factores de polui\u00e7\u00e3o.<\/span><\/p>\n<p><span style=\"color: #00a3e8;\">Setor Alimentar (exposi\u00e7\u00e3o \/ conserva\u00e7\u00e3o)<\/span><\/p>\n<p><span style=\"color: #333333;\"> No setor alimentar tamb\u00e9m se v\u00ea muitas aplica\u00e7\u00f5es de nebuliza\u00e7\u00e3o por alta press\u00e3o &#8211; a frescura e a humidade controladas s\u00e3o uma forma de manter em perfeitas condi\u00e7\u00f5es os alimentos (em exposi\u00e7\u00e3o), evitando a sua deteriora\u00e7\u00e3os r\u00e1pida devido \u00e0 desidrata\u00e7\u00e3o. Aplica-se, por exemplo, em bancas de verduras, frutas, peixarias e talhos.<\/span><\/p>\n<p><span style=\"color: #00a3e8;\">Decora\u00e7\u00e3o (n\u00e9voa decorativa)<\/span><\/p>\n<p><span style=\"color: #333333;\"> A \u00e1gua tem uma import\u00e2ncia inquestion\u00e1vel nas nossas vidas, disso \u00e9 exemplo a exist\u00eancia de fontes, repuchos de \u00e1gua, lagos, etc, em espa\u00e7os p\u00fablicos e mesmo nas nossas casas. Com a nebuliza\u00e7\u00e3o podemos criar um espa\u00e7o &#8220;fresco&#8221; em que a n\u00e9voa criada pelos nossos equipamentos simula na perfei\u00e7\u00e3o um ambiente de neblina ou nevoeiro, proporcionando um ambiente agrad\u00e1vel, em conforto e visualmente.<\/span><\/p>\n","protected":false},"excerpt":{"rendered":"<p>Brumiza\u00e7\u00e3o &#8211; Como funciona ? Para se evaporar, a \u00e1gua utiliza energia t\u00e9rmica : &#8220;consumindo&#8221; o calor. Esta absor\u00e7\u00e3o de calorias tem como efeito a diminui\u00e7\u00e3o da temperatura do espa\u00e7o, no qual se efectua esta &#8220;troca&#8221; t\u00e9rmica. A esta\u00e7\u00e3o (equipamento) de nebuliza\u00e7\u00e3o difunde, na zona a arrefecer \/ refrescar, micro-part\u00edculas de \u00e1gua sob a forma<\/p>\n","protected":false},"author":1,"featured_media":0,"parent":0,"menu_order":2,"comment_status":"closed","ping_status":"closed","template":"","meta":{"footnotes":""},"_links":{"self":[{"href":"https:\/\/ses-nebulizacao.com\/index.php?rest_route=\/wp\/v2\/pages\/387"}],"collection":[{"href":"https:\/\/ses-nebulizacao.com\/index.php?rest_route=\/wp\/v2\/pages"}],"about":[{"href":"https:\/\/ses-nebulizacao.com\/index.php?rest_route=\/wp\/v2\/types\/page"}],"author":[{"embeddable":true,"href":"https:\/\/ses-nebulizacao.com\/index.php?rest_route=\/wp\/v2\/users\/1"}],"replies":[{"embeddable":true,"href":"https:\/\/ses-nebulizacao.com\/index.php?rest_route=%2Fwp%2Fv2%2Fcomments&post=387"}],"version-history":[{"count":18,"href":"https:\/\/ses-nebulizacao.com\/index.php?rest_route=\/wp\/v2\/pages\/387\/revisions"}],"predecessor-version":[{"id":584,"href":"https:\/\/ses-nebulizacao.com\/index.php?rest_route=\/wp\/v2\/pages\/387\/revisions\/584"}],"wp:attachment":[{"href":"https:\/\/ses-nebulizacao.com\/index.php?rest_route=%2Fwp%2Fv2%2Fmedia&parent=387"}],"curies":[{"name":"wp","href":"https:\/\/api.w.org\/{rel}","templated":true}]}}