{"id":2,"date":"2017-11-19T13:42:05","date_gmt":"2017-11-19T13:42:05","guid":{"rendered":"http:\/\/ses-nebulizacao.com\/?page_id=2"},"modified":"2018-03-04T19:55:35","modified_gmt":"2018-03-04T19:55:35","slug":"pagina-exemplo","status":"publish","type":"page","link":"https:\/\/ses-nebulizacao.com\/?page_id=2","title":{"rendered":"Quem somos"},"content":{"rendered":"<p><span style=\"color: #333333;\">Somos uma empresa de venda e instala\u00e7\u00e3o de nebuliza\u00e7\u00e3o (&#8220;brumiza\u00e7\u00e3o&#8221;), com produtos 100% europeus, e que opera em todo o territ\u00f3rio nacional e nas diversas atividades e setores.<\/span><\/p>\n<p><span style=\"color: #333333;\">Desde esplanadas de restaurantes a f\u00e1bricas e outros locais, passando pela pecu\u00e1ria e horticultura.Das in\u00fameras \u00e1reas de aplica\u00e7\u00e3o em que os nossos produtos podem ser implementados destacamos as seguintes:<\/span><\/p>\n<ul style=\"line-height: 2.2; font-size:16px;\">\n<li><span style=\"color: #00a3e8;\">Restaura\u00e7\u00e3o e hotelaria: esplanadas, cozinhas, salas de refei\u00e7\u00e3o, bares<\/span><\/li>\n<li><span style=\"color: #00a3e8;\">Ind\u00fastria: locais de elevado calor, zonas de exist\u00eancia de poeira e outros factores de polui\u00e7\u00e3o<\/span><\/li>\n<li><span style=\"color: #00a3e8;\">Com\u00e9rcio: expositores de alimentos em supermercados e hipermercados<\/span><\/li>\n<li><span style=\"color: #00a3e8;\">Pecu\u00e1ria: locais de cria\u00e7\u00e3o \/ explora\u00e7\u00e3o animal (vacas, porcos, cavalos, galinhas, etc.)<\/span><\/li>\n<li><span style=\"color: #00a3e8;\">Agricultura: estufas, culturas hidrop\u00f3nicas<\/span><\/li>\n<li><span style=\"color: #00a3e8;\">Uso dom\u00e9stico: cria\u00e7\u00e3o de espa\u00e7os nebulizados, zonas de lazer, anexos de piscina, etc<\/span><\/li>\n<\/ul>\n<div style=\"margin-top: 30px;\">\n\n\t\t<style type=\"text\/css\">\n\t\t\t#gallery-1 {\n\t\t\t\tmargin: auto;\n\t\t\t}\n\t\t\t#gallery-1 .gallery-item {\n\t\t\t\tfloat: left;\n\t\t\t\tmargin-top: 10px;\n\t\t\t\ttext-align: center;\n\t\t\t\twidth: 33%;\n\t\t\t}\n\t\t\t#gallery-1 img {\n\t\t\t\tborder: 2px solid #cfcfcf;\n\t\t\t}\n\t\t\t#gallery-1 .gallery-caption {\n\t\t\t\tmargin-left: 0;\n\t\t\t}\n\t\t\t\/* see gallery_shortcode() in wp-includes\/media.php *\/\n\t\t<\/style>\n\t\t<div id='gallery-1' class='gallery galleryid-2 gallery-columns-3 gallery-size-thumbnail'><dl class='gallery-item'>\n\t\t\t<dt class='gallery-icon landscape'>\n\t\t\t\t<a href='https:\/\/ses-nebulizacao.com\/?attachment_id=301'><img loading=\"lazy\" decoding=\"async\" width=\"150\" height=\"150\" src=\"https:\/\/ses-nebulizacao.com\/wp-content\/uploads\/2018\/02\/01-150x150.jpg\" class=\"attachment-thumbnail size-thumbnail\" alt=\"\" srcset=\"https:\/\/ses-nebulizacao.com\/wp-content\/uploads\/2018\/02\/01-150x150.jpg 150w, https:\/\/ses-nebulizacao.com\/wp-content\/uploads\/2018\/02\/01-100x100.jpg 100w, https:\/\/ses-nebulizacao.com\/wp-content\/uploads\/2018\/02\/01.jpg 250w\" sizes=\"(max-width: 150px) 100vw, 150px\" \/><\/a>\n\t\t\t<\/dt><\/dl><dl class='gallery-item'>\n\t\t\t<dt class='gallery-icon landscape'>\n\t\t\t\t<a href='https:\/\/ses-nebulizacao.com\/?attachment_id=300'><img loading=\"lazy\" decoding=\"async\" width=\"150\" height=\"150\" src=\"https:\/\/ses-nebulizacao.com\/wp-content\/uploads\/2018\/02\/02-150x150.jpg\" class=\"attachment-thumbnail size-thumbnail\" alt=\"\" srcset=\"https:\/\/ses-nebulizacao.com\/wp-content\/uploads\/2018\/02\/02-150x150.jpg 150w, https:\/\/ses-nebulizacao.com\/wp-content\/uploads\/2018\/02\/02-100x100.jpg 100w, https:\/\/ses-nebulizacao.com\/wp-content\/uploads\/2018\/02\/02.jpg 250w\" sizes=\"(max-width: 150px) 100vw, 150px\" \/><\/a>\n\t\t\t<\/dt><\/dl><dl class='gallery-item'>\n\t\t\t<dt class='gallery-icon landscape'>\n\t\t\t\t<a href='https:\/\/ses-nebulizacao.com\/?attachment_id=336'><img loading=\"lazy\" decoding=\"async\" width=\"150\" height=\"150\" src=\"https:\/\/ses-nebulizacao.com\/wp-content\/uploads\/2018\/02\/15-150x150.png\" class=\"attachment-thumbnail size-thumbnail\" alt=\"\" srcset=\"https:\/\/ses-nebulizacao.com\/wp-content\/uploads\/2018\/02\/15-150x150.png 150w, https:\/\/ses-nebulizacao.com\/wp-content\/uploads\/2018\/02\/15-100x100.png 100w, https:\/\/ses-nebulizacao.com\/wp-content\/uploads\/2018\/02\/15.png 250w\" sizes=\"(max-width: 150px) 100vw, 150px\" \/><\/a>\n\t\t\t<\/dt><\/dl><br style=\"clear: both\" \/><dl class='gallery-item'>\n\t\t\t<dt class='gallery-icon landscape'>\n\t\t\t\t<a href='https:\/\/ses-nebulizacao.com\/?attachment_id=337'><img loading=\"lazy\" decoding=\"async\" width=\"150\" height=\"150\" src=\"https:\/\/ses-nebulizacao.com\/wp-content\/uploads\/2018\/02\/14-150x150.png\" class=\"attachment-thumbnail size-thumbnail\" alt=\"\" srcset=\"https:\/\/ses-nebulizacao.com\/wp-content\/uploads\/2018\/02\/14-150x150.png 150w, https:\/\/ses-nebulizacao.com\/wp-content\/uploads\/2018\/02\/14-100x100.png 100w, https:\/\/ses-nebulizacao.com\/wp-content\/uploads\/2018\/02\/14.png 250w\" sizes=\"(max-width: 150px) 100vw, 150px\" \/><\/a>\n\t\t\t<\/dt><\/dl><dl class='gallery-item'>\n\t\t\t<dt class='gallery-icon landscape'>\n\t\t\t\t<a href='https:\/\/ses-nebulizacao.com\/?attachment_id=338'><img loading=\"lazy\" decoding=\"async\" width=\"150\" height=\"150\" src=\"https:\/\/ses-nebulizacao.com\/wp-content\/uploads\/2018\/02\/13-150x150.png\" class=\"attachment-thumbnail size-thumbnail\" alt=\"\" srcset=\"https:\/\/ses-nebulizacao.com\/wp-content\/uploads\/2018\/02\/13-150x150.png 150w, https:\/\/ses-nebulizacao.com\/wp-content\/uploads\/2018\/02\/13-100x100.png 100w, https:\/\/ses-nebulizacao.com\/wp-content\/uploads\/2018\/02\/13.png 250w\" sizes=\"(max-width: 150px) 100vw, 150px\" \/><\/a>\n\t\t\t<\/dt><\/dl><dl class='gallery-item'>\n\t\t\t<dt class='gallery-icon landscape'>\n\t\t\t\t<a href='https:\/\/ses-nebulizacao.com\/?attachment_id=339'><img loading=\"lazy\" decoding=\"async\" width=\"150\" height=\"150\" src=\"https:\/\/ses-nebulizacao.com\/wp-content\/uploads\/2018\/02\/12-150x150.png\" class=\"attachment-thumbnail size-thumbnail\" alt=\"\" srcset=\"https:\/\/ses-nebulizacao.com\/wp-content\/uploads\/2018\/02\/12-150x150.png 150w, https:\/\/ses-nebulizacao.com\/wp-content\/uploads\/2018\/02\/12-100x100.png 100w, https:\/\/ses-nebulizacao.com\/wp-content\/uploads\/2018\/02\/12.png 250w\" sizes=\"(max-width: 150px) 100vw, 150px\" \/><\/a>\n\t\t\t<\/dt><\/dl><br style=\"clear: both\" \/><dl class='gallery-item'>\n\t\t\t<dt class='gallery-icon landscape'>\n\t\t\t\t<a href='https:\/\/ses-nebulizacao.com\/?attachment_id=340'><img loading=\"lazy\" decoding=\"async\" width=\"150\" height=\"150\" src=\"https:\/\/ses-nebulizacao.com\/wp-content\/uploads\/2018\/02\/11-150x150.png\" class=\"attachment-thumbnail size-thumbnail\" alt=\"\" srcset=\"https:\/\/ses-nebulizacao.com\/wp-content\/uploads\/2018\/02\/11-150x150.png 150w, https:\/\/ses-nebulizacao.com\/wp-content\/uploads\/2018\/02\/11-100x100.png 100w, https:\/\/ses-nebulizacao.com\/wp-content\/uploads\/2018\/02\/11.png 250w\" sizes=\"(max-width: 150px) 100vw, 150px\" \/><\/a>\n\t\t\t<\/dt><\/dl><dl class='gallery-item'>\n\t\t\t<dt class='gallery-icon landscape'>\n\t\t\t\t<a href='https:\/\/ses-nebulizacao.com\/?attachment_id=341'><img loading=\"lazy\" decoding=\"async\" width=\"150\" height=\"150\" src=\"https:\/\/ses-nebulizacao.com\/wp-content\/uploads\/2018\/02\/10-150x150.png\" class=\"attachment-thumbnail size-thumbnail\" alt=\"\" srcset=\"https:\/\/ses-nebulizacao.com\/wp-content\/uploads\/2018\/02\/10-150x150.png 150w, https:\/\/ses-nebulizacao.com\/wp-content\/uploads\/2018\/02\/10-100x100.png 100w, https:\/\/ses-nebulizacao.com\/wp-content\/uploads\/2018\/02\/10.png 250w\" sizes=\"(max-width: 150px) 100vw, 150px\" \/><\/a>\n\t\t\t<\/dt><\/dl><dl class='gallery-item'>\n\t\t\t<dt class='gallery-icon landscape'>\n\t\t\t\t<a href='https:\/\/ses-nebulizacao.com\/?attachment_id=342'><img loading=\"lazy\" decoding=\"async\" width=\"150\" height=\"150\" src=\"https:\/\/ses-nebulizacao.com\/wp-content\/uploads\/2018\/02\/09-150x150.png\" class=\"attachment-thumbnail size-thumbnail\" alt=\"\" srcset=\"https:\/\/ses-nebulizacao.com\/wp-content\/uploads\/2018\/02\/09-150x150.png 150w, https:\/\/ses-nebulizacao.com\/wp-content\/uploads\/2018\/02\/09-100x100.png 100w, https:\/\/ses-nebulizacao.com\/wp-content\/uploads\/2018\/02\/09.png 250w\" sizes=\"(max-width: 150px) 100vw, 150px\" \/><\/a>\n\t\t\t<\/dt><\/dl><br style=\"clear: both\" \/><dl class='gallery-item'>\n\t\t\t<dt class='gallery-icon landscape'>\n\t\t\t\t<a href='https:\/\/ses-nebulizacao.com\/?attachment_id=343'><img loading=\"lazy\" decoding=\"async\" width=\"150\" height=\"150\" src=\"https:\/\/ses-nebulizacao.com\/wp-content\/uploads\/2018\/02\/05-150x150.png\" class=\"attachment-thumbnail size-thumbnail\" alt=\"\" srcset=\"https:\/\/ses-nebulizacao.com\/wp-content\/uploads\/2018\/02\/05-150x150.png 150w, https:\/\/ses-nebulizacao.com\/wp-content\/uploads\/2018\/02\/05-100x100.png 100w, https:\/\/ses-nebulizacao.com\/wp-content\/uploads\/2018\/02\/05.png 250w\" sizes=\"(max-width: 150px) 100vw, 150px\" \/><\/a>\n\t\t\t<\/dt><\/dl><dl class='gallery-item'>\n\t\t\t<dt class='gallery-icon landscape'>\n\t\t\t\t<a href='https:\/\/ses-nebulizacao.com\/?attachment_id=344'><img loading=\"lazy\" decoding=\"async\" width=\"150\" height=\"150\" src=\"https:\/\/ses-nebulizacao.com\/wp-content\/uploads\/2018\/02\/08-150x150.jpg\" class=\"attachment-thumbnail size-thumbnail\" alt=\"\" aria-describedby=\"gallery-1-344\" srcset=\"https:\/\/ses-nebulizacao.com\/wp-content\/uploads\/2018\/02\/08-150x150.jpg 150w, https:\/\/ses-nebulizacao.com\/wp-content\/uploads\/2018\/02\/08-100x100.jpg 100w, https:\/\/ses-nebulizacao.com\/wp-content\/uploads\/2018\/02\/08.jpg 250w\" sizes=\"(max-width: 150px) 100vw, 150px\" \/><\/a>\n\t\t\t<\/dt>\n\t\t\t\t<dd class='wp-caption-text gallery-caption' id='gallery-1-344'>\n\t\t\t\tOLYMPUS DIGITAL CAMERA\n\t\t\t\t<\/dd><\/dl><dl class='gallery-item'>\n\t\t\t<dt class='gallery-icon landscape'>\n\t\t\t\t<a href='https:\/\/ses-nebulizacao.com\/?attachment_id=345'><img loading=\"lazy\" decoding=\"async\" width=\"150\" height=\"150\" src=\"https:\/\/ses-nebulizacao.com\/wp-content\/uploads\/2018\/02\/07-150x150.jpg\" class=\"attachment-thumbnail size-thumbnail\" alt=\"\" srcset=\"https:\/\/ses-nebulizacao.com\/wp-content\/uploads\/2018\/02\/07-150x150.jpg 150w, https:\/\/ses-nebulizacao.com\/wp-content\/uploads\/2018\/02\/07-100x100.jpg 100w, https:\/\/ses-nebulizacao.com\/wp-content\/uploads\/2018\/02\/07.jpg 250w\" sizes=\"(max-width: 150px) 100vw, 150px\" \/><\/a>\n\t\t\t<\/dt><\/dl><br style=\"clear: both\" \/><dl class='gallery-item'>\n\t\t\t<dt class='gallery-icon landscape'>\n\t\t\t\t<a href='https:\/\/ses-nebulizacao.com\/?attachment_id=346'><img loading=\"lazy\" decoding=\"async\" width=\"150\" height=\"150\" src=\"https:\/\/ses-nebulizacao.com\/wp-content\/uploads\/2018\/02\/06-150x150.jpg\" class=\"attachment-thumbnail size-thumbnail\" alt=\"\" aria-describedby=\"gallery-1-346\" srcset=\"https:\/\/ses-nebulizacao.com\/wp-content\/uploads\/2018\/02\/06-150x150.jpg 150w, https:\/\/ses-nebulizacao.com\/wp-content\/uploads\/2018\/02\/06-100x100.jpg 100w, https:\/\/ses-nebulizacao.com\/wp-content\/uploads\/2018\/02\/06.jpg 250w\" sizes=\"(max-width: 150px) 100vw, 150px\" \/><\/a>\n\t\t\t<\/dt>\n\t\t\t\t<dd class='wp-caption-text gallery-caption' id='gallery-1-346'>\n\t\t\t\tOLYMPUS DIGITAL CAMERA\n\t\t\t\t<\/dd><\/dl><dl class='gallery-item'>\n\t\t\t<dt class='gallery-icon landscape'>\n\t\t\t\t<a href='https:\/\/ses-nebulizacao.com\/?attachment_id=347'><img loading=\"lazy\" decoding=\"async\" width=\"150\" height=\"150\" src=\"https:\/\/ses-nebulizacao.com\/wp-content\/uploads\/2018\/02\/04-150x150.jpg\" class=\"attachment-thumbnail size-thumbnail\" alt=\"\" srcset=\"https:\/\/ses-nebulizacao.com\/wp-content\/uploads\/2018\/02\/04-150x150.jpg 150w, https:\/\/ses-nebulizacao.com\/wp-content\/uploads\/2018\/02\/04-100x100.jpg 100w, https:\/\/ses-nebulizacao.com\/wp-content\/uploads\/2018\/02\/04.jpg 250w\" sizes=\"(max-width: 150px) 100vw, 150px\" \/><\/a>\n\t\t\t<\/dt><\/dl><dl class='gallery-item'>\n\t\t\t<dt class='gallery-icon landscape'>\n\t\t\t\t<a href='https:\/\/ses-nebulizacao.com\/?attachment_id=348'><img loading=\"lazy\" decoding=\"async\" width=\"150\" height=\"150\" src=\"https:\/\/ses-nebulizacao.com\/wp-content\/uploads\/2018\/02\/03-150x150.jpg\" class=\"attachment-thumbnail size-thumbnail\" alt=\"\" srcset=\"https:\/\/ses-nebulizacao.com\/wp-content\/uploads\/2018\/02\/03-150x150.jpg 150w, https:\/\/ses-nebulizacao.com\/wp-content\/uploads\/2018\/02\/03-100x100.jpg 100w, https:\/\/ses-nebulizacao.com\/wp-content\/uploads\/2018\/02\/03.jpg 250w\" sizes=\"(max-width: 150px) 100vw, 150px\" \/><\/a>\n\t\t\t<\/dt><\/dl><br style=\"clear: both\" \/>\n\t\t<\/div>\n\n<\/div>\n","protected":false},"excerpt":{"rendered":"<p>Somos uma empresa de venda e instala\u00e7\u00e3o de nebuliza\u00e7\u00e3o (&#8220;brumiza\u00e7\u00e3o&#8221;), com produtos 100% europeus, e que opera em todo o territ\u00f3rio nacional e nas diversas atividades e setores. Desde esplanadas de restaurantes a f\u00e1bricas e outros locais, passando pela pecu\u00e1ria e horticultura.Das in\u00fameras \u00e1reas de aplica\u00e7\u00e3o em que os nossos produtos podem ser implementados destacamos<\/p>\n","protected":false},"author":1,"featured_media":0,"parent":0,"menu_order":2,"comment_status":"closed","ping_status":"open","template":"","meta":{"footnotes":""},"_links":{"self":[{"href":"https:\/\/ses-nebulizacao.com\/index.php?rest_route=\/wp\/v2\/pages\/2"}],"collection":[{"href":"https:\/\/ses-nebulizacao.com\/index.php?rest_route=\/wp\/v2\/pages"}],"about":[{"href":"https:\/\/ses-nebulizacao.com\/index.php?rest_route=\/wp\/v2\/types\/page"}],"author":[{"embeddable":true,"href":"https:\/\/ses-nebulizacao.com\/index.php?rest_route=\/wp\/v2\/users\/1"}],"replies":[{"embeddable":true,"href":"https:\/\/ses-nebulizacao.com\/index.php?rest_route=%2Fwp%2Fv2%2Fcomments&post=2"}],"version-history":[{"count":99,"href":"https:\/\/ses-nebulizacao.com\/index.php?rest_route=\/wp\/v2\/pages\/2\/revisions"}],"predecessor-version":[{"id":619,"href":"https:\/\/ses-nebulizacao.com\/index.php?rest_route=\/wp\/v2\/pages\/2\/revisions\/619"}],"wp:attachment":[{"href":"https:\/\/ses-nebulizacao.com\/index.php?rest_route=%2Fwp%2Fv2%2Fmedia&parent=2"}],"curies":[{"name":"wp","href":"https:\/\/api.w.org\/{rel}","templated":true}]}}